{"id":17224,"date":"2024-07-18T16:03:47","date_gmt":"2024-07-18T14:03:47","guid":{"rendered":"https:\/\/prodent.gda.pl\/blog\/"},"modified":"2026-03-31T15:23:26","modified_gmt":"2026-03-31T13:23:26","slug":"blog","status":"publish","type":"page","link":"https:\/\/prodent.gda.pl\/de\/blog\/","title":{"rendered":"Blog"},"content":{"rendered":"\t\t<div data-elementor-type=\"wp-page\" data-elementor-id=\"17224\" class=\"elementor elementor-17224 elementor-33\">\n\t\t\t\t        <section class=\"elementor-section elementor-top-section elementor-element elementor-element-0908da2 elementor-section-stretched elementor-section-boxed elementor-section-height-default elementor-section-height-default pxl-row-scroll-none pxl-zoom-point-false pxl-section-overflow-visible\" data-id=\"0908da2\" data-element_type=\"section\" data-e-type=\"section\" data-settings=\"{&quot;stretch_section&quot;:&quot;section-stretched&quot;}\">\n\n                \n                <div class=\"elementor-container elementor-column-gap-extended \">\n                <div class=\"elementor-column elementor-col-100 elementor-top-column elementor-element elementor-element-e3c5ab0 pxl-column-none pxl-column-overflow-hidden-no\" data-id=\"e3c5ab0\" data-element_type=\"column\" data-e-type=\"column\">\r\n        <div class=\"elementor-widget-wrap elementor-element-populated\">\r\n                     \r\n        \t\t<div class=\"elementor-element elementor-element-647542c post-layout-post-list-1 elementor-widget elementor-widget-pxl_post_list\" data-id=\"647542c\" data-element_type=\"widget\" data-e-type=\"widget\" data-widget_type=\"pxl_post_list.default\">\n\t\t\t\t<div class=\"elementor-widget-container\">\n\t\t\t\t\t\r\n<div id=\"pxl_post_list-647542c-3277\" class=\"pxl-grid pxl-post-list layout-post-list-1\" data-layout-mode=\"fitRows\" data-start-page=\"1\" data-max-pages=\"1\" data-total=\"4\" data-perpage=\"10\" data-next-link=\"\" data-loadmore=\"{&quot;tax&quot;:[&quot;category&quot;],&quot;post_type&quot;:&quot;post&quot;,&quot;layout&quot;:&quot;post-list-1&quot;,&quot;select_post_by&quot;:&quot;term_selected&quot;,&quot;layout_mode&quot;:&quot;fitRows&quot;,&quot;startPage&quot;:1,&quot;maxPages&quot;:1,&quot;total&quot;:4,&quot;perpage&quot;:10,&quot;nextLink&quot;:&quot;&quot;,&quot;source&quot;:&quot;&quot;,&quot;post_ids&quot;:[],&quot;orderby&quot;:&quot;date&quot;,&quot;order&quot;:&quot;desc&quot;,&quot;limit&quot;:10,&quot;item_animation&quot;:&quot;&quot;,&quot;item_animation_duration&quot;:&quot;normal&quot;,&quot;item_animation_delay&quot;:&quot;150&quot;,&quot;img_size&quot;:&quot;533x421&quot;,&quot;show_date&quot;:&quot;true&quot;,&quot;show_author&quot;:&quot;&quot;,&quot;show_category&quot;:&quot;true&quot;,&quot;show_comment&quot;:&quot;&quot;,&quot;show_excerpt&quot;:&quot;true&quot;,&quot;num_words&quot;:20,&quot;show_readmore&quot;:&quot;true&quot;,&quot;readmore_text&quot;:&quot;Weiterlesen&quot;,&quot;post_share&quot;:&quot;true&quot;,&quot;pagination_type&quot;:&quot;pagination&quot;,&quot;show_toolbar&quot;:&quot;hide&quot;,&quot;wg_type&quot;:&quot;post-list&quot;}\">\r\n        <div class=\"pxl-list-inner d-flex-wrap relative\"> \r\n                <div class=\"list-item w-100 format-standard \" >\n            <div class=\"grid-item-inner item-inner-wrap row  format-standard\">\n                                        <div class=\"wrap-item-content col-lg-7\">\n                <div class=\"item-content\">\n                                            <div class=\"item-post-metas\">\n                            <div class=\"meta-inner d-flex-wrap align-items-center\">\n                                                                                                    <span class=\"meta-item post-category  d-flex\">\n                                        <span class=\"icon-post\"><i class=\"bi bi-tag-fill\"><\/i><\/span>\n                                        <span><a href=\"https:\/\/prodent.gda.pl\/ortodonta\/\" rel=\"tag\">ortodonta<\/a>, <a href=\"https:\/\/prodent.gda.pl\/stomatologia-zachowawcza\/\" rel=\"tag\">Stomatologia zachowawcza<\/a>, <a href=\"https:\/\/prodent.gda.pl\/metamorfozy\/\" rel=\"tag\">Metamorfozy<\/a><\/span>\n                                    <\/span>   \n                                <\/span>\n                                                                                <\/div>\n                    <\/div>\n                                    <h3 class=\"item-title\"><a href=\"https:\/\/prodent.gda.pl\/de\/feste-oder-herausnehmbare-zahnspange-invisalign-vergleich-von-lebensstil-und-komfort-fuer-erwachsene-patienten-bei-prodent-gdansk\/\">Feste oder herausnehmbare Zahnspange (Invisalign)? Vergleich von Lebensstil und Komfort f\u00fcr erwachsene Patienten bei Prodent Gda\u0144sk<\/a><\/h3>\n                                    <div class=\"item-excerpt\">\n                        Die Entscheidung f\u00fcr eine kieferorthop\u00e4dische Behandlung ist eine Investition in Gesundheit und \u00c4sthetik, unabh\u00e4ngig vom Alter. Die wichtigste Wahl f\u00fcr&hellip;                    <\/div>\n                                                    <div class=\"blog-post-footer  align-items-center justify-content-between\">\n                                                    <div class=\"post-readmore \">\n                                <a class=\"btn btn-glossy\" href=\"https:\/\/prodent.gda.pl\/de\/feste-oder-herausnehmbare-zahnspange-invisalign-vergleich-von-lebensstil-und-komfort-fuer-erwachsene-patienten-bei-prodent-gdansk\/\">\n                                    <span class=\"pxl-button-text\">Weiterlesen<\/span>\n                                    <svg xmlns=\"http:\/\/www.w3.org\/2000\/svg\" style=\"transform: scalex(-1); height:auto; fill:#fff;\" id=\"Layer_2\" height=\"16\" viewBox=\"0 0 24 24\" width=\"16\" data-name=\"Layer 2\"><path d=\"m22 11h-17.586l5.293-5.293a1 1 0 1 0 -1.414-1.414l-7 7a1 1 0 0 0 0 1.414l7 7a1 1 0 0 0 1.414-1.414l-5.293-5.293h17.586a1 1 0 0 0 0-2z\"><\/path><\/svg>\n                                <\/a>\n                            <\/div>\n                                                                            <div class=\"post-shares\">\n                                <span class=\"label\">\n                                    <i class=\"fas fa-share-alt\"><\/i>\n                                    Share                                <\/span>\n                                <div class=\"social-share\">\n                                    <div class=\"social \">\n                                        <a class=\"pxl-icon icon-facebook fab fa-facebook\" title=\"Facebook\" target=\"_blank\" href=\"https:\/\/www.facebook.com\/sharer\/sharer.php?u=https%3A%2F%2Fprodent.gda.pl%2Fde%2Ffeste-oder-herausnehmbare-zahnspange-invisalign-vergleich-von-lebensstil-und-komfort-fuer-erwachsene-patienten-bei-prodent-gdansk%2F\"><\/a>\n                                        <a class=\"pxl-icon icon-twitter fab fa-twitter\" title=\"Twitter\" target=\"_blank\" href=\"https:\/\/twitter.com\/intent\/tweet?original_referer=https:\/\/prodent.gda.pl\/de\/&url=https%3A%2F%2Fprodent.gda.pl%2Fde%2Ffeste-oder-herausnehmbare-zahnspange-invisalign-vergleich-von-lebensstil-und-komfort-fuer-erwachsene-patienten-bei-prodent-gdansk%2F&text=Feste oder herausnehmbare Zahnspange (Invisalign)? Vergleich von Lebensstil und Komfort f\u00fcr erwachsene Patienten bei Prodent Gda\u0144sk%20\"><\/a>\n                                        <a class=\"pxl-icon icon-linkedin fab fa-linkedin-in\" title=\"Linkedin\" target=\"_blank\" href=\"https:\/\/www.linkedin.com\/cws\/share?url=https%3A%2F%2Fprodent.gda.pl%2Fde%2Ffeste-oder-herausnehmbare-zahnspange-invisalign-vergleich-von-lebensstil-und-komfort-fuer-erwachsene-patienten-bei-prodent-gdansk%2F\"><\/a>\n                                        <a href=\"javascript:void(0);\" class=\"skype-share pxl-icon fab fa-skype\" data-href=\"https%3A%2F%2Fprodent.gda.pl%2Fde%2Ffeste-oder-herausnehmbare-zahnspange-invisalign-vergleich-von-lebensstil-und-komfort-fuer-erwachsene-patienten-bei-prodent-gdansk%2F\" data-lang=\"en-US\" data-text=\"Feste oder herausnehmbare Zahnspange (Invisalign)? Vergleich von Lebensstil und Komfort f\u00fcr erwachsene Patienten bei Prodent Gda\u0144sk\"><\/a> \n                                    <\/div>\n                                <\/div>\n\n                            <\/div>\n                                            <\/div>\n                            <\/div>\n        <\/div>\n        <\/div>\n<\/div>\n        <div class=\"list-item w-100 format-standard \" >\n            <div class=\"grid-item-inner item-inner-wrap row  format-standard\">\n                                        <div class=\"wrap-item-content col-lg-7\">\n                <div class=\"item-content\">\n                                            <div class=\"item-post-metas\">\n                            <div class=\"meta-inner d-flex-wrap align-items-center\">\n                                                                                                    <span class=\"meta-item post-category  d-flex\">\n                                        <span class=\"icon-post\"><i class=\"bi bi-tag-fill\"><\/i><\/span>\n                                        <span><a href=\"https:\/\/prodent.gda.pl\/stomatologia-zachowawcza\/\" rel=\"tag\">Stomatologia zachowawcza<\/a>, <a href=\"https:\/\/prodent.gda.pl\/metamorfozy\/\" rel=\"tag\">Metamorfozy<\/a><\/span>\n                                    <\/span>   \n                                <\/span>\n                                                                                <\/div>\n                    <\/div>\n                                    <h3 class=\"item-title\"><a href=\"https:\/\/prodent.gda.pl\/de\/mundgeruch-halitosis-ursachen-und-wirksame-behandlung-bei-prodent-danzig\/\">Mundgeruch (Halitosis) \u2013 Ursachen und wirksame Behandlung bei Prodent Danzig<\/a><\/h3>\n                                    <div class=\"item-excerpt\">\n                        Mundgeruch, fachlich Halitosis genannt, ist ein peinliches Problem, das einen erheblichen Teil der Bev\u00f6lkerung betrifft und sich ernsthaft auf das&hellip;                    <\/div>\n                                                    <div class=\"blog-post-footer  align-items-center justify-content-between\">\n                                                    <div class=\"post-readmore \">\n                                <a class=\"btn btn-glossy\" href=\"https:\/\/prodent.gda.pl\/de\/mundgeruch-halitosis-ursachen-und-wirksame-behandlung-bei-prodent-danzig\/\">\n                                    <span class=\"pxl-button-text\">Weiterlesen<\/span>\n                                    <svg xmlns=\"http:\/\/www.w3.org\/2000\/svg\" style=\"transform: scalex(-1); height:auto; fill:#fff;\" id=\"Layer_2\" height=\"16\" viewBox=\"0 0 24 24\" width=\"16\" data-name=\"Layer 2\"><path d=\"m22 11h-17.586l5.293-5.293a1 1 0 1 0 -1.414-1.414l-7 7a1 1 0 0 0 0 1.414l7 7a1 1 0 0 0 1.414-1.414l-5.293-5.293h17.586a1 1 0 0 0 0-2z\"><\/path><\/svg>\n                                <\/a>\n                            <\/div>\n                                                                            <div class=\"post-shares\">\n                                <span class=\"label\">\n                                    <i class=\"fas fa-share-alt\"><\/i>\n                                    Share                                <\/span>\n                                <div class=\"social-share\">\n                                    <div class=\"social \">\n                                        <a class=\"pxl-icon icon-facebook fab fa-facebook\" title=\"Facebook\" target=\"_blank\" href=\"https:\/\/www.facebook.com\/sharer\/sharer.php?u=https%3A%2F%2Fprodent.gda.pl%2Fde%2Fmundgeruch-halitosis-ursachen-und-wirksame-behandlung-bei-prodent-danzig%2F\"><\/a>\n                                        <a class=\"pxl-icon icon-twitter fab fa-twitter\" title=\"Twitter\" target=\"_blank\" href=\"https:\/\/twitter.com\/intent\/tweet?original_referer=https:\/\/prodent.gda.pl\/de\/&url=https%3A%2F%2Fprodent.gda.pl%2Fde%2Fmundgeruch-halitosis-ursachen-und-wirksame-behandlung-bei-prodent-danzig%2F&text=Mundgeruch (Halitosis) \u2013 Ursachen und wirksame Behandlung bei Prodent Danzig%20\"><\/a>\n                                        <a class=\"pxl-icon icon-linkedin fab fa-linkedin-in\" title=\"Linkedin\" target=\"_blank\" href=\"https:\/\/www.linkedin.com\/cws\/share?url=https%3A%2F%2Fprodent.gda.pl%2Fde%2Fmundgeruch-halitosis-ursachen-und-wirksame-behandlung-bei-prodent-danzig%2F\"><\/a>\n                                        <a href=\"javascript:void(0);\" class=\"skype-share pxl-icon fab fa-skype\" data-href=\"https%3A%2F%2Fprodent.gda.pl%2Fde%2Fmundgeruch-halitosis-ursachen-und-wirksame-behandlung-bei-prodent-danzig%2F\" data-lang=\"en-US\" data-text=\"Mundgeruch (Halitosis) \u2013 Ursachen und wirksame Behandlung bei Prodent Danzig\"><\/a> \n                                    <\/div>\n                                <\/div>\n\n                            <\/div>\n                                            <\/div>\n                            <\/div>\n        <\/div>\n        <\/div>\n<\/div>\n        <div class=\"list-item w-100 format-standard \" >\n            <div class=\"grid-item-inner item-inner-wrap row  format-standard\">\n                                        <div class=\"wrap-item-content col-lg-7\">\n                <div class=\"item-content\">\n                                            <div class=\"item-post-metas\">\n                            <div class=\"meta-inner d-flex-wrap align-items-center\">\n                                                                                                    <span class=\"meta-item post-category  d-flex\">\n                                        <span class=\"icon-post\"><i class=\"bi bi-tag-fill\"><\/i><\/span>\n                                        <span><a href=\"https:\/\/prodent.gda.pl\/stomatologia-estetyczna\/\" rel=\"tag\">Stomatologia estetyczna<\/a>, <a href=\"https:\/\/prodent.gda.pl\/implanty\/\" rel=\"tag\">Implanty<\/a><\/span>\n                                    <\/span>   \n                                <\/span>\n                                                                                <\/div>\n                    <\/div>\n                                    <h3 class=\"item-title\"><a href=\"https:\/\/prodent.gda.pl\/de\/porzellan-oder-kompositveneers-was-sie-fuer-ihr-ideales-laecheln-bei-prodent-gdansk-waehlen-sollten\/\">Porzellan- oder Kompositveneers? Was Sie f\u00fcr Ihr ideales L\u00e4cheln bei Prodent Gda\u0144sk w\u00e4hlen sollten?<\/a><\/h3>\n                                    <div class=\"item-excerpt\">\n                        Zahnveneers sind eine schnelle und effektive Methode f\u00fcr eine vollst\u00e4ndige Transformation Ihres L\u00e4chelns. Sie erm\u00f6glichen es, die Form zu korrigieren,&hellip;                    <\/div>\n                                                    <div class=\"blog-post-footer  align-items-center justify-content-between\">\n                                                    <div class=\"post-readmore \">\n                                <a class=\"btn btn-glossy\" href=\"https:\/\/prodent.gda.pl\/de\/porzellan-oder-kompositveneers-was-sie-fuer-ihr-ideales-laecheln-bei-prodent-gdansk-waehlen-sollten\/\">\n                                    <span class=\"pxl-button-text\">Weiterlesen<\/span>\n                                    <svg xmlns=\"http:\/\/www.w3.org\/2000\/svg\" style=\"transform: scalex(-1); height:auto; fill:#fff;\" id=\"Layer_2\" height=\"16\" viewBox=\"0 0 24 24\" width=\"16\" data-name=\"Layer 2\"><path d=\"m22 11h-17.586l5.293-5.293a1 1 0 1 0 -1.414-1.414l-7 7a1 1 0 0 0 0 1.414l7 7a1 1 0 0 0 1.414-1.414l-5.293-5.293h17.586a1 1 0 0 0 0-2z\"><\/path><\/svg>\n                                <\/a>\n                            <\/div>\n                                                                            <div class=\"post-shares\">\n                                <span class=\"label\">\n                                    <i class=\"fas fa-share-alt\"><\/i>\n                                    Share                                <\/span>\n                                <div class=\"social-share\">\n                                    <div class=\"social \">\n                                        <a class=\"pxl-icon icon-facebook fab fa-facebook\" title=\"Facebook\" target=\"_blank\" href=\"https:\/\/www.facebook.com\/sharer\/sharer.php?u=https%3A%2F%2Fprodent.gda.pl%2Fde%2Fporzellan-oder-kompositveneers-was-sie-fuer-ihr-ideales-laecheln-bei-prodent-gdansk-waehlen-sollten%2F\"><\/a>\n                                        <a class=\"pxl-icon icon-twitter fab fa-twitter\" title=\"Twitter\" target=\"_blank\" href=\"https:\/\/twitter.com\/intent\/tweet?original_referer=https:\/\/prodent.gda.pl\/de\/&url=https%3A%2F%2Fprodent.gda.pl%2Fde%2Fporzellan-oder-kompositveneers-was-sie-fuer-ihr-ideales-laecheln-bei-prodent-gdansk-waehlen-sollten%2F&text=Porzellan- oder Kompositveneers? Was Sie f\u00fcr Ihr ideales L\u00e4cheln bei Prodent Gda\u0144sk w\u00e4hlen sollten?%20\"><\/a>\n                                        <a class=\"pxl-icon icon-linkedin fab fa-linkedin-in\" title=\"Linkedin\" target=\"_blank\" href=\"https:\/\/www.linkedin.com\/cws\/share?url=https%3A%2F%2Fprodent.gda.pl%2Fde%2Fporzellan-oder-kompositveneers-was-sie-fuer-ihr-ideales-laecheln-bei-prodent-gdansk-waehlen-sollten%2F\"><\/a>\n                                        <a href=\"javascript:void(0);\" class=\"skype-share pxl-icon fab fa-skype\" data-href=\"https%3A%2F%2Fprodent.gda.pl%2Fde%2Fporzellan-oder-kompositveneers-was-sie-fuer-ihr-ideales-laecheln-bei-prodent-gdansk-waehlen-sollten%2F\" data-lang=\"en-US\" data-text=\"Porzellan- oder Kompositveneers? Was Sie f\u00fcr Ihr ideales L\u00e4cheln bei Prodent Gda\u0144sk w\u00e4hlen sollten?\"><\/a> \n                                    <\/div>\n                                <\/div>\n\n                            <\/div>\n                                            <\/div>\n                            <\/div>\n        <\/div>\n        <\/div>\n<\/div>\n        <div class=\"list-item w-100 format-standard \" >\n            <div class=\"grid-item-inner item-inner-wrap row  format-standard\">\n                                        <div class=\"wrap-item-content col-lg-7\">\n                <div class=\"item-content\">\n                                            <div class=\"item-post-metas\">\n                            <div class=\"meta-inner d-flex-wrap align-items-center\">\n                                                                                                    <span class=\"meta-item post-category  d-flex\">\n                                        <span class=\"icon-post\"><i class=\"bi bi-tag-fill\"><\/i><\/span>\n                                        <span><a href=\"https:\/\/prodent.gda.pl\/stomatologia-estetyczna\/\" rel=\"tag\">Stomatologia estetyczna<\/a>, <a href=\"https:\/\/prodent.gda.pl\/metamorfozy\/\" rel=\"tag\">Metamorfozy<\/a><\/span>\n                                    <\/span>   \n                                <\/span>\n                                                                                <\/div>\n                    <\/div>\n                                    <h3 class=\"item-title\"><a href=\"https:\/\/prodent.gda.pl\/de\/zahnaufhellung-bei-prodent-gdansk-erfuellen-sie-sich-den-traum-von-einem-strahlenden-laecheln\/\">Zahnaufhellung bei Prodent Gda\u0144sk: Erf\u00fcllen Sie sich den Traum von einem strahlenden L\u00e4cheln<\/a><\/h3>\n                                    <div class=\"item-excerpt\">\n                        Tr\u00e4umen Sie von einem wei\u00dfen, strahlenden L\u00e4cheln? T\u00e4gliche Ern\u00e4hrung, Kaffee, Tee oder Wein f\u00fchren dazu, dass die Z\u00e4hne ihren nat\u00fcrlichen&hellip;                    <\/div>\n                                                    <div class=\"blog-post-footer  align-items-center justify-content-between\">\n                                                    <div class=\"post-readmore \">\n                                <a class=\"btn btn-glossy\" href=\"https:\/\/prodent.gda.pl\/de\/zahnaufhellung-bei-prodent-gdansk-erfuellen-sie-sich-den-traum-von-einem-strahlenden-laecheln\/\">\n                                    <span class=\"pxl-button-text\">Weiterlesen<\/span>\n                                    <svg xmlns=\"http:\/\/www.w3.org\/2000\/svg\" style=\"transform: scalex(-1); height:auto; fill:#fff;\" id=\"Layer_2\" height=\"16\" viewBox=\"0 0 24 24\" width=\"16\" data-name=\"Layer 2\"><path d=\"m22 11h-17.586l5.293-5.293a1 1 0 1 0 -1.414-1.414l-7 7a1 1 0 0 0 0 1.414l7 7a1 1 0 0 0 1.414-1.414l-5.293-5.293h17.586a1 1 0 0 0 0-2z\"><\/path><\/svg>\n                                <\/a>\n                            <\/div>\n                                                                            <div class=\"post-shares\">\n                                <span class=\"label\">\n                                    <i class=\"fas fa-share-alt\"><\/i>\n                                    Share                                <\/span>\n                                <div class=\"social-share\">\n                                    <div class=\"social \">\n                                        <a class=\"pxl-icon icon-facebook fab fa-facebook\" title=\"Facebook\" target=\"_blank\" href=\"https:\/\/www.facebook.com\/sharer\/sharer.php?u=https%3A%2F%2Fprodent.gda.pl%2Fde%2Fzahnaufhellung-bei-prodent-gdansk-erfuellen-sie-sich-den-traum-von-einem-strahlenden-laecheln%2F\"><\/a>\n                                        <a class=\"pxl-icon icon-twitter fab fa-twitter\" title=\"Twitter\" target=\"_blank\" href=\"https:\/\/twitter.com\/intent\/tweet?original_referer=https:\/\/prodent.gda.pl\/de\/&url=https%3A%2F%2Fprodent.gda.pl%2Fde%2Fzahnaufhellung-bei-prodent-gdansk-erfuellen-sie-sich-den-traum-von-einem-strahlenden-laecheln%2F&text=Zahnaufhellung bei Prodent Gda\u0144sk: Erf\u00fcllen Sie sich den Traum von einem strahlenden L\u00e4cheln%20\"><\/a>\n                                        <a class=\"pxl-icon icon-linkedin fab fa-linkedin-in\" title=\"Linkedin\" target=\"_blank\" href=\"https:\/\/www.linkedin.com\/cws\/share?url=https%3A%2F%2Fprodent.gda.pl%2Fde%2Fzahnaufhellung-bei-prodent-gdansk-erfuellen-sie-sich-den-traum-von-einem-strahlenden-laecheln%2F\"><\/a>\n                                        <a href=\"javascript:void(0);\" class=\"skype-share pxl-icon fab fa-skype\" data-href=\"https%3A%2F%2Fprodent.gda.pl%2Fde%2Fzahnaufhellung-bei-prodent-gdansk-erfuellen-sie-sich-den-traum-von-einem-strahlenden-laecheln%2F\" data-lang=\"en-US\" data-text=\"Zahnaufhellung bei Prodent Gda\u0144sk: Erf\u00fcllen Sie sich den Traum von einem strahlenden L\u00e4cheln\"><\/a> \n                                    <\/div>\n                                <\/div>\n\n                            <\/div>\n                                            <\/div>\n                            <\/div>\n        <\/div>\n        <\/div>\n<\/div>\n    <\/div>\r\n     \r\n            <div class=\"pxl-grid-pagination pagin-post\">\r\n                    <\/div>\r\n        <\/div>\t\t\t\t<\/div>\n\t\t\t\t<\/div>\n\t\t            <\/div>\r\n        <\/div>\r\n        \t\t\t<\/div>\n\t\t<\/section>\n\t\t\t\t<\/div>\n\t\t","protected":false},"excerpt":{"rendered":"<p>02 lut Metamorfozy, ortodonta, Stomatologia zachowawcza Aparat Sta\u0142y czy Nak\u0142adkowy (Invisalign)? Por\u00f3wnanie Stylu \u017bycia i Komfortu dla Doros\u0142ych Pacjent\u00f3w w Prodent Gda\u0144sk Decyzja o rozpocz\u0119ciu leczenia ortodontycznego to inwestycja w zdrowie i estetyk\u0119, niezale\u017cnie od wieku. Kluczowym wyborem dla doros\u0142ego pacjenta jest&hellip; Weiterlesen Share 26 sty Metamorfozy, Stomatologia zachowawcza Nieprzyjemny Zapach z Ust (Halitoza) \u2013 [&hellip;]<\/p>\n","protected":false},"author":1,"featured_media":0,"parent":0,"menu_order":0,"comment_status":"closed","ping_status":"closed","template":"","meta":{"footnotes":""},"class_list":["post-17224","page","type-page","status-publish","hentry"],"_links":{"self":[{"href":"https:\/\/prodent.gda.pl\/de\/wp-json\/wp\/v2\/pages\/17224","targetHints":{"allow":["GET"]}}],"collection":[{"href":"https:\/\/prodent.gda.pl\/de\/wp-json\/wp\/v2\/pages"}],"about":[{"href":"https:\/\/prodent.gda.pl\/de\/wp-json\/wp\/v2\/types\/page"}],"author":[{"embeddable":true,"href":"https:\/\/prodent.gda.pl\/de\/wp-json\/wp\/v2\/users\/1"}],"replies":[{"embeddable":true,"href":"https:\/\/prodent.gda.pl\/de\/wp-json\/wp\/v2\/comments?post=17224"}],"version-history":[{"count":1,"href":"https:\/\/prodent.gda.pl\/de\/wp-json\/wp\/v2\/pages\/17224\/revisions"}],"predecessor-version":[{"id":17225,"href":"https:\/\/prodent.gda.pl\/de\/wp-json\/wp\/v2\/pages\/17224\/revisions\/17225"}],"wp:attachment":[{"href":"https:\/\/prodent.gda.pl\/de\/wp-json\/wp\/v2\/media?parent=17224"}],"curies":[{"name":"wp","href":"https:\/\/api.w.org\/{rel}","templated":true}]}}