{"id":17214,"date":"2024-07-18T16:03:47","date_gmt":"2024-07-18T14:03:47","guid":{"rendered":"https:\/\/prodent.gda.pl\/blogg\/"},"modified":"2026-03-31T15:23:13","modified_gmt":"2026-03-31T13:23:13","slug":"blogg","status":"publish","type":"page","link":"https:\/\/prodent.gda.pl\/no\/blogg\/","title":{"rendered":"Blogg"},"content":{"rendered":"\t\t<div data-elementor-type=\"wp-page\" data-elementor-id=\"17214\" class=\"elementor elementor-17214 elementor-33\">\n\t\t\t\t        <section class=\"elementor-section elementor-top-section elementor-element elementor-element-0908da2 elementor-section-stretched elementor-section-boxed elementor-section-height-default elementor-section-height-default pxl-row-scroll-none pxl-zoom-point-false pxl-section-overflow-visible\" data-id=\"0908da2\" data-element_type=\"section\" data-e-type=\"section\" data-settings=\"{&quot;stretch_section&quot;:&quot;section-stretched&quot;}\">\n\n                \n                <div class=\"elementor-container elementor-column-gap-extended \">\n                <div class=\"elementor-column elementor-col-100 elementor-top-column elementor-element elementor-element-e3c5ab0 pxl-column-none pxl-column-overflow-hidden-no\" data-id=\"e3c5ab0\" data-element_type=\"column\" data-e-type=\"column\">\r\n        <div class=\"elementor-widget-wrap elementor-element-populated\">\r\n                     \r\n        \t\t<div class=\"elementor-element elementor-element-647542c post-layout-post-list-1 elementor-widget elementor-widget-pxl_post_list\" data-id=\"647542c\" data-element_type=\"widget\" data-e-type=\"widget\" data-widget_type=\"pxl_post_list.default\">\n\t\t\t\t<div class=\"elementor-widget-container\">\n\t\t\t\t\t\r\n<div id=\"pxl_post_list-647542c-2929\" class=\"pxl-grid pxl-post-list layout-post-list-1\" data-layout-mode=\"fitRows\" data-start-page=\"1\" data-max-pages=\"1\" data-total=\"4\" data-perpage=\"10\" data-next-link=\"\" data-loadmore=\"{&quot;tax&quot;:[&quot;category&quot;],&quot;post_type&quot;:&quot;post&quot;,&quot;layout&quot;:&quot;post-list-1&quot;,&quot;select_post_by&quot;:&quot;term_selected&quot;,&quot;layout_mode&quot;:&quot;fitRows&quot;,&quot;startPage&quot;:1,&quot;maxPages&quot;:1,&quot;total&quot;:4,&quot;perpage&quot;:10,&quot;nextLink&quot;:&quot;&quot;,&quot;source&quot;:&quot;&quot;,&quot;post_ids&quot;:[],&quot;orderby&quot;:&quot;date&quot;,&quot;order&quot;:&quot;desc&quot;,&quot;limit&quot;:10,&quot;item_animation&quot;:&quot;&quot;,&quot;item_animation_duration&quot;:&quot;normal&quot;,&quot;item_animation_delay&quot;:&quot;150&quot;,&quot;img_size&quot;:&quot;533x421&quot;,&quot;show_date&quot;:&quot;true&quot;,&quot;show_author&quot;:&quot;&quot;,&quot;show_category&quot;:&quot;true&quot;,&quot;show_comment&quot;:&quot;&quot;,&quot;show_excerpt&quot;:&quot;true&quot;,&quot;num_words&quot;:20,&quot;show_readmore&quot;:&quot;true&quot;,&quot;readmore_text&quot;:&quot;Les mer&quot;,&quot;post_share&quot;:&quot;true&quot;,&quot;pagination_type&quot;:&quot;pagination&quot;,&quot;show_toolbar&quot;:&quot;hide&quot;,&quot;wg_type&quot;:&quot;post-list&quot;}\">\r\n        <div class=\"pxl-list-inner d-flex-wrap relative\"> \r\n                <div class=\"list-item w-100 format-standard \" >\n            <div class=\"grid-item-inner item-inner-wrap row  format-standard\">\n                                        <div class=\"wrap-item-content col-lg-7\">\n                <div class=\"item-content\">\n                                            <div class=\"item-post-metas\">\n                            <div class=\"meta-inner d-flex-wrap align-items-center\">\n                                                                                                    <span class=\"meta-item post-category  d-flex\">\n                                        <span class=\"icon-post\"><i class=\"bi bi-tag-fill\"><\/i><\/span>\n                                        <span><a href=\"https:\/\/prodent.gda.pl\/ortodonta\/\" rel=\"tag\">ortodonta<\/a>, <a href=\"https:\/\/prodent.gda.pl\/stomatologia-zachowawcza\/\" rel=\"tag\">Stomatologia zachowawcza<\/a>, <a href=\"https:\/\/prodent.gda.pl\/metamorfozy\/\" rel=\"tag\">Metamorfozy<\/a><\/span>\n                                    <\/span>   \n                                <\/span>\n                                                                                <\/div>\n                    <\/div>\n                                    <h3 class=\"item-title\"><a href=\"https:\/\/prodent.gda.pl\/no\/fast-eller-avtagbar-tannregulering-invisalign-sammenligning-av-livsstil-og-komfort-for-voksne-pasienter-hos-prodent-gdansk\/\">Fast eller avtagbar tannregulering (Invisalign)? Sammenligning av livsstil og komfort for voksne pasienter hos Prodent Gda\u0144sk<\/a><\/h3>\n                                    <div class=\"item-excerpt\">\n                        Beslutningen om \u00e5 starte kjeveortopedisk behandling er en investering i helse og estetikk, uavhengig av alder. Det viktigste valget for&hellip;                    <\/div>\n                                                    <div class=\"blog-post-footer  align-items-center justify-content-between\">\n                                                    <div class=\"post-readmore \">\n                                <a class=\"btn btn-glossy\" href=\"https:\/\/prodent.gda.pl\/no\/fast-eller-avtagbar-tannregulering-invisalign-sammenligning-av-livsstil-og-komfort-for-voksne-pasienter-hos-prodent-gdansk\/\">\n                                    <span class=\"pxl-button-text\">Les mer<\/span>\n                                    <svg xmlns=\"http:\/\/www.w3.org\/2000\/svg\" style=\"transform: scalex(-1); height:auto; fill:#fff;\" id=\"Layer_2\" height=\"16\" viewBox=\"0 0 24 24\" width=\"16\" data-name=\"Layer 2\"><path d=\"m22 11h-17.586l5.293-5.293a1 1 0 1 0 -1.414-1.414l-7 7a1 1 0 0 0 0 1.414l7 7a1 1 0 0 0 1.414-1.414l-5.293-5.293h17.586a1 1 0 0 0 0-2z\"><\/path><\/svg>\n                                <\/a>\n                            <\/div>\n                                                                            <div class=\"post-shares\">\n                                <span class=\"label\">\n                                    <i class=\"fas fa-share-alt\"><\/i>\n                                    Share                                <\/span>\n                                <div class=\"social-share\">\n                                    <div class=\"social \">\n                                        <a class=\"pxl-icon icon-facebook fab fa-facebook\" title=\"Facebook\" target=\"_blank\" href=\"https:\/\/www.facebook.com\/sharer\/sharer.php?u=https%3A%2F%2Fprodent.gda.pl%2Fno%2Ffast-eller-avtagbar-tannregulering-invisalign-sammenligning-av-livsstil-og-komfort-for-voksne-pasienter-hos-prodent-gdansk%2F\"><\/a>\n                                        <a class=\"pxl-icon icon-twitter fab fa-twitter\" title=\"Twitter\" target=\"_blank\" href=\"https:\/\/twitter.com\/intent\/tweet?original_referer=https:\/\/prodent.gda.pl\/no\/&url=https%3A%2F%2Fprodent.gda.pl%2Fno%2Ffast-eller-avtagbar-tannregulering-invisalign-sammenligning-av-livsstil-og-komfort-for-voksne-pasienter-hos-prodent-gdansk%2F&text=Fast eller avtagbar tannregulering (Invisalign)? Sammenligning av livsstil og komfort for voksne pasienter hos Prodent Gda\u0144sk%20\"><\/a>\n                                        <a class=\"pxl-icon icon-linkedin fab fa-linkedin-in\" title=\"Linkedin\" target=\"_blank\" href=\"https:\/\/www.linkedin.com\/cws\/share?url=https%3A%2F%2Fprodent.gda.pl%2Fno%2Ffast-eller-avtagbar-tannregulering-invisalign-sammenligning-av-livsstil-og-komfort-for-voksne-pasienter-hos-prodent-gdansk%2F\"><\/a>\n                                        <a href=\"javascript:void(0);\" class=\"skype-share pxl-icon fab fa-skype\" data-href=\"https%3A%2F%2Fprodent.gda.pl%2Fno%2Ffast-eller-avtagbar-tannregulering-invisalign-sammenligning-av-livsstil-og-komfort-for-voksne-pasienter-hos-prodent-gdansk%2F\" data-lang=\"en-US\" data-text=\"Fast eller avtagbar tannregulering (Invisalign)? Sammenligning av livsstil og komfort for voksne pasienter hos Prodent Gda\u0144sk\"><\/a> \n                                    <\/div>\n                                <\/div>\n\n                            <\/div>\n                                            <\/div>\n                            <\/div>\n        <\/div>\n        <\/div>\n<\/div>\n        <div class=\"list-item w-100 format-standard \" >\n            <div class=\"grid-item-inner item-inner-wrap row  format-standard\">\n                                        <div class=\"wrap-item-content col-lg-7\">\n                <div class=\"item-content\">\n                                            <div class=\"item-post-metas\">\n                            <div class=\"meta-inner d-flex-wrap align-items-center\">\n                                                                                                    <span class=\"meta-item post-category  d-flex\">\n                                        <span class=\"icon-post\"><i class=\"bi bi-tag-fill\"><\/i><\/span>\n                                        <span><a href=\"https:\/\/prodent.gda.pl\/stomatologia-zachowawcza\/\" rel=\"tag\">Stomatologia zachowawcza<\/a>, <a href=\"https:\/\/prodent.gda.pl\/metamorfozy\/\" rel=\"tag\">Metamorfozy<\/a><\/span>\n                                    <\/span>   \n                                <\/span>\n                                                                                <\/div>\n                    <\/div>\n                                    <h3 class=\"item-title\"><a href=\"https:\/\/prodent.gda.pl\/no\/darlig-ande-halitose-arsaker-og-effektiv-behandling-hos-prodent-gdansk\/\">D\u00e5rlig \u00e5nde (Halitose) \u2013 \u00c5rsaker og effektiv behandling hos Prodent Gda\u0144sk<\/a><\/h3>\n                                    <div class=\"item-excerpt\">\n                        D\u00e5rlig \u00e5nde, faglig kjent som halitose, er et pinlig problem som rammer en betydelig del av befolkningen og kan alvorlig&hellip;                    <\/div>\n                                                    <div class=\"blog-post-footer  align-items-center justify-content-between\">\n                                                    <div class=\"post-readmore \">\n                                <a class=\"btn btn-glossy\" href=\"https:\/\/prodent.gda.pl\/no\/darlig-ande-halitose-arsaker-og-effektiv-behandling-hos-prodent-gdansk\/\">\n                                    <span class=\"pxl-button-text\">Les mer<\/span>\n                                    <svg xmlns=\"http:\/\/www.w3.org\/2000\/svg\" style=\"transform: scalex(-1); height:auto; fill:#fff;\" id=\"Layer_2\" height=\"16\" viewBox=\"0 0 24 24\" width=\"16\" data-name=\"Layer 2\"><path d=\"m22 11h-17.586l5.293-5.293a1 1 0 1 0 -1.414-1.414l-7 7a1 1 0 0 0 0 1.414l7 7a1 1 0 0 0 1.414-1.414l-5.293-5.293h17.586a1 1 0 0 0 0-2z\"><\/path><\/svg>\n                                <\/a>\n                            <\/div>\n                                                                            <div class=\"post-shares\">\n                                <span class=\"label\">\n                                    <i class=\"fas fa-share-alt\"><\/i>\n                                    Share                                <\/span>\n                                <div class=\"social-share\">\n                                    <div class=\"social \">\n                                        <a class=\"pxl-icon icon-facebook fab fa-facebook\" title=\"Facebook\" target=\"_blank\" href=\"https:\/\/www.facebook.com\/sharer\/sharer.php?u=https%3A%2F%2Fprodent.gda.pl%2Fno%2Fdarlig-ande-halitose-arsaker-og-effektiv-behandling-hos-prodent-gdansk%2F\"><\/a>\n                                        <a class=\"pxl-icon icon-twitter fab fa-twitter\" title=\"Twitter\" target=\"_blank\" href=\"https:\/\/twitter.com\/intent\/tweet?original_referer=https:\/\/prodent.gda.pl\/no\/&url=https%3A%2F%2Fprodent.gda.pl%2Fno%2Fdarlig-ande-halitose-arsaker-og-effektiv-behandling-hos-prodent-gdansk%2F&text=D\u00e5rlig \u00e5nde (Halitose) \u2013 \u00c5rsaker og effektiv behandling hos Prodent Gda\u0144sk%20\"><\/a>\n                                        <a class=\"pxl-icon icon-linkedin fab fa-linkedin-in\" title=\"Linkedin\" target=\"_blank\" href=\"https:\/\/www.linkedin.com\/cws\/share?url=https%3A%2F%2Fprodent.gda.pl%2Fno%2Fdarlig-ande-halitose-arsaker-og-effektiv-behandling-hos-prodent-gdansk%2F\"><\/a>\n                                        <a href=\"javascript:void(0);\" class=\"skype-share pxl-icon fab fa-skype\" data-href=\"https%3A%2F%2Fprodent.gda.pl%2Fno%2Fdarlig-ande-halitose-arsaker-og-effektiv-behandling-hos-prodent-gdansk%2F\" data-lang=\"en-US\" data-text=\"D\u00e5rlig \u00e5nde (Halitose) \u2013 \u00c5rsaker og effektiv behandling hos Prodent Gda\u0144sk\"><\/a> \n                                    <\/div>\n                                <\/div>\n\n                            <\/div>\n                                            <\/div>\n                            <\/div>\n        <\/div>\n        <\/div>\n<\/div>\n        <div class=\"list-item w-100 format-standard \" >\n            <div class=\"grid-item-inner item-inner-wrap row  format-standard\">\n                                        <div class=\"wrap-item-content col-lg-7\">\n                <div class=\"item-content\">\n                                            <div class=\"item-post-metas\">\n                            <div class=\"meta-inner d-flex-wrap align-items-center\">\n                                                                                                    <span class=\"meta-item post-category  d-flex\">\n                                        <span class=\"icon-post\"><i class=\"bi bi-tag-fill\"><\/i><\/span>\n                                        <span><a href=\"https:\/\/prodent.gda.pl\/stomatologia-estetyczna\/\" rel=\"tag\">Stomatologia estetyczna<\/a>, <a href=\"https:\/\/prodent.gda.pl\/implanty\/\" rel=\"tag\">Implanty<\/a><\/span>\n                                    <\/span>   \n                                <\/span>\n                                                                                <\/div>\n                    <\/div>\n                                    <h3 class=\"item-title\"><a href=\"https:\/\/prodent.gda.pl\/no\/porselensfasetter-eller-kompositfasetter-hva-bor-du-velge-for-et-perfekt-smil-hos-prodent-gdansk\/\">Porselensfasetter eller Kompositfasetter? Hva B\u00f8r Du Velge for et Perfekt Smil hos Prodent Gda\u0144sk?<\/a><\/h3>\n                                    <div class=\"item-excerpt\">\n                        Tannfasetter er en rask og effektiv m\u00e5te \u00e5 oppn\u00e5 en fullstendig forvandling av smilet. De gj\u00f8r det mulig \u00e5 korrigere&hellip;                    <\/div>\n                                                    <div class=\"blog-post-footer  align-items-center justify-content-between\">\n                                                    <div class=\"post-readmore \">\n                                <a class=\"btn btn-glossy\" href=\"https:\/\/prodent.gda.pl\/no\/porselensfasetter-eller-kompositfasetter-hva-bor-du-velge-for-et-perfekt-smil-hos-prodent-gdansk\/\">\n                                    <span class=\"pxl-button-text\">Les mer<\/span>\n                                    <svg xmlns=\"http:\/\/www.w3.org\/2000\/svg\" style=\"transform: scalex(-1); height:auto; fill:#fff;\" id=\"Layer_2\" height=\"16\" viewBox=\"0 0 24 24\" width=\"16\" data-name=\"Layer 2\"><path d=\"m22 11h-17.586l5.293-5.293a1 1 0 1 0 -1.414-1.414l-7 7a1 1 0 0 0 0 1.414l7 7a1 1 0 0 0 1.414-1.414l-5.293-5.293h17.586a1 1 0 0 0 0-2z\"><\/path><\/svg>\n                                <\/a>\n                            <\/div>\n                                                                            <div class=\"post-shares\">\n                                <span class=\"label\">\n                                    <i class=\"fas fa-share-alt\"><\/i>\n                                    Share                                <\/span>\n                                <div class=\"social-share\">\n                                    <div class=\"social \">\n                                        <a class=\"pxl-icon icon-facebook fab fa-facebook\" title=\"Facebook\" target=\"_blank\" href=\"https:\/\/www.facebook.com\/sharer\/sharer.php?u=https%3A%2F%2Fprodent.gda.pl%2Fno%2Fporselensfasetter-eller-kompositfasetter-hva-bor-du-velge-for-et-perfekt-smil-hos-prodent-gdansk%2F\"><\/a>\n                                        <a class=\"pxl-icon icon-twitter fab fa-twitter\" title=\"Twitter\" target=\"_blank\" href=\"https:\/\/twitter.com\/intent\/tweet?original_referer=https:\/\/prodent.gda.pl\/no\/&url=https%3A%2F%2Fprodent.gda.pl%2Fno%2Fporselensfasetter-eller-kompositfasetter-hva-bor-du-velge-for-et-perfekt-smil-hos-prodent-gdansk%2F&text=Porselensfasetter eller Kompositfasetter? Hva B\u00f8r Du Velge for et Perfekt Smil hos Prodent Gda\u0144sk?%20\"><\/a>\n                                        <a class=\"pxl-icon icon-linkedin fab fa-linkedin-in\" title=\"Linkedin\" target=\"_blank\" href=\"https:\/\/www.linkedin.com\/cws\/share?url=https%3A%2F%2Fprodent.gda.pl%2Fno%2Fporselensfasetter-eller-kompositfasetter-hva-bor-du-velge-for-et-perfekt-smil-hos-prodent-gdansk%2F\"><\/a>\n                                        <a href=\"javascript:void(0);\" class=\"skype-share pxl-icon fab fa-skype\" data-href=\"https%3A%2F%2Fprodent.gda.pl%2Fno%2Fporselensfasetter-eller-kompositfasetter-hva-bor-du-velge-for-et-perfekt-smil-hos-prodent-gdansk%2F\" data-lang=\"en-US\" data-text=\"Porselensfasetter eller Kompositfasetter? Hva B\u00f8r Du Velge for et Perfekt Smil hos Prodent Gda\u0144sk?\"><\/a> \n                                    <\/div>\n                                <\/div>\n\n                            <\/div>\n                                            <\/div>\n                            <\/div>\n        <\/div>\n        <\/div>\n<\/div>\n        <div class=\"list-item w-100 format-standard \" >\n            <div class=\"grid-item-inner item-inner-wrap row  format-standard\">\n                                        <div class=\"wrap-item-content col-lg-7\">\n                <div class=\"item-content\">\n                                            <div class=\"item-post-metas\">\n                            <div class=\"meta-inner d-flex-wrap align-items-center\">\n                                                                                                    <span class=\"meta-item post-category  d-flex\">\n                                        <span class=\"icon-post\"><i class=\"bi bi-tag-fill\"><\/i><\/span>\n                                        <span><a href=\"https:\/\/prodent.gda.pl\/stomatologia-estetyczna\/\" rel=\"tag\">Stomatologia estetyczna<\/a>, <a href=\"https:\/\/prodent.gda.pl\/metamorfozy\/\" rel=\"tag\">Metamorfozy<\/a><\/span>\n                                    <\/span>   \n                                <\/span>\n                                                                                <\/div>\n                    <\/div>\n                                    <h3 class=\"item-title\"><a href=\"https:\/\/prodent.gda.pl\/no\/tannbleking-hos-prodent-gdansk-oppfyll-drommen-om-et-stralende-smil\/\">Tannbleking hos Prodent Gda\u0144sk: Oppfyll dr\u00f8mmen om et str\u00e5lende smil<\/a><\/h3>\n                                    <div class=\"item-excerpt\">\n                        Dr\u00f8mmer du om et hvitt, skinnende smil? Daglig kosthold, kaffe, te eller vin gj\u00f8r at tennene mister sin naturlige glans&hellip;                    <\/div>\n                                                    <div class=\"blog-post-footer  align-items-center justify-content-between\">\n                                                    <div class=\"post-readmore \">\n                                <a class=\"btn btn-glossy\" href=\"https:\/\/prodent.gda.pl\/no\/tannbleking-hos-prodent-gdansk-oppfyll-drommen-om-et-stralende-smil\/\">\n                                    <span class=\"pxl-button-text\">Les mer<\/span>\n                                    <svg xmlns=\"http:\/\/www.w3.org\/2000\/svg\" style=\"transform: scalex(-1); height:auto; fill:#fff;\" id=\"Layer_2\" height=\"16\" viewBox=\"0 0 24 24\" width=\"16\" data-name=\"Layer 2\"><path d=\"m22 11h-17.586l5.293-5.293a1 1 0 1 0 -1.414-1.414l-7 7a1 1 0 0 0 0 1.414l7 7a1 1 0 0 0 1.414-1.414l-5.293-5.293h17.586a1 1 0 0 0 0-2z\"><\/path><\/svg>\n                                <\/a>\n                            <\/div>\n                                                                            <div class=\"post-shares\">\n                                <span class=\"label\">\n                                    <i class=\"fas fa-share-alt\"><\/i>\n                                    Share                                <\/span>\n                                <div class=\"social-share\">\n                                    <div class=\"social \">\n                                        <a class=\"pxl-icon icon-facebook fab fa-facebook\" title=\"Facebook\" target=\"_blank\" href=\"https:\/\/www.facebook.com\/sharer\/sharer.php?u=https%3A%2F%2Fprodent.gda.pl%2Fno%2Ftannbleking-hos-prodent-gdansk-oppfyll-drommen-om-et-stralende-smil%2F\"><\/a>\n                                        <a class=\"pxl-icon icon-twitter fab fa-twitter\" title=\"Twitter\" target=\"_blank\" href=\"https:\/\/twitter.com\/intent\/tweet?original_referer=https:\/\/prodent.gda.pl\/no\/&url=https%3A%2F%2Fprodent.gda.pl%2Fno%2Ftannbleking-hos-prodent-gdansk-oppfyll-drommen-om-et-stralende-smil%2F&text=Tannbleking hos Prodent Gda\u0144sk: Oppfyll dr\u00f8mmen om et str\u00e5lende smil%20\"><\/a>\n                                        <a class=\"pxl-icon icon-linkedin fab fa-linkedin-in\" title=\"Linkedin\" target=\"_blank\" href=\"https:\/\/www.linkedin.com\/cws\/share?url=https%3A%2F%2Fprodent.gda.pl%2Fno%2Ftannbleking-hos-prodent-gdansk-oppfyll-drommen-om-et-stralende-smil%2F\"><\/a>\n                                        <a href=\"javascript:void(0);\" class=\"skype-share pxl-icon fab fa-skype\" data-href=\"https%3A%2F%2Fprodent.gda.pl%2Fno%2Ftannbleking-hos-prodent-gdansk-oppfyll-drommen-om-et-stralende-smil%2F\" data-lang=\"en-US\" data-text=\"Tannbleking hos Prodent Gda\u0144sk: Oppfyll dr\u00f8mmen om et str\u00e5lende smil\"><\/a> \n                                    <\/div>\n                                <\/div>\n\n                            <\/div>\n                                            <\/div>\n                            <\/div>\n        <\/div>\n        <\/div>\n<\/div>\n    <\/div>\r\n     \r\n            <div class=\"pxl-grid-pagination pagin-post\">\r\n                    <\/div>\r\n        <\/div>\t\t\t\t<\/div>\n\t\t\t\t<\/div>\n\t\t            <\/div>\r\n        <\/div>\r\n        \t\t\t<\/div>\n\t\t<\/section>\n\t\t\t\t<\/div>\n\t\t","protected":false},"excerpt":{"rendered":"<p>02 lut Metamorfozy, ortodonta, Stomatologia zachowawcza Aparat Sta\u0142y czy Nak\u0142adkowy (Invisalign)? Por\u00f3wnanie Stylu \u017bycia i Komfortu dla Doros\u0142ych Pacjent\u00f3w w Prodent Gda\u0144sk Decyzja o rozpocz\u0119ciu leczenia ortodontycznego to inwestycja w zdrowie i estetyk\u0119, niezale\u017cnie od wieku. Kluczowym wyborem dla doros\u0142ego pacjenta jest&hellip; Les mer Share 26 sty Metamorfozy, Stomatologia zachowawcza Nieprzyjemny Zapach z Ust (Halitoza) [&hellip;]<\/p>\n","protected":false},"author":1,"featured_media":0,"parent":0,"menu_order":0,"comment_status":"closed","ping_status":"closed","template":"","meta":{"footnotes":""},"class_list":["post-17214","page","type-page","status-publish","hentry"],"_links":{"self":[{"href":"https:\/\/prodent.gda.pl\/no\/wp-json\/wp\/v2\/pages\/17214","targetHints":{"allow":["GET"]}}],"collection":[{"href":"https:\/\/prodent.gda.pl\/no\/wp-json\/wp\/v2\/pages"}],"about":[{"href":"https:\/\/prodent.gda.pl\/no\/wp-json\/wp\/v2\/types\/page"}],"author":[{"embeddable":true,"href":"https:\/\/prodent.gda.pl\/no\/wp-json\/wp\/v2\/users\/1"}],"replies":[{"embeddable":true,"href":"https:\/\/prodent.gda.pl\/no\/wp-json\/wp\/v2\/comments?post=17214"}],"version-history":[{"count":1,"href":"https:\/\/prodent.gda.pl\/no\/wp-json\/wp\/v2\/pages\/17214\/revisions"}],"predecessor-version":[{"id":17215,"href":"https:\/\/prodent.gda.pl\/no\/wp-json\/wp\/v2\/pages\/17214\/revisions\/17215"}],"wp:attachment":[{"href":"https:\/\/prodent.gda.pl\/no\/wp-json\/wp\/v2\/media?parent=17214"}],"curies":[{"name":"wp","href":"https:\/\/api.w.org\/{rel}","templated":true}]}}